{"id":387,"date":"2025-01-06T22:35:52","date_gmt":"2025-01-06T22:35:52","guid":{"rendered":"http:\/\/nieuw.bmvmotor.nl\/?page_id=387"},"modified":"2025-02-13T13:46:10","modified_gmt":"2025-02-13T13:46:10","slug":"introducee-bmv","status":"publish","type":"page","link":"https:\/\/www.bmvmotor.nl\/index.php\/introducee-bmv\/","title":{"rendered":"Introduc\u00e9 BMV"},"content":{"rendered":"\n<p><\/p>\n\n\n\n<p><strong>Liever eerst de sfeer proeven?<br><\/strong>Je kunt vrijblijvend deelnemen aan een toertocht om de sfeer te proeven en kennis te maken met de leden. Rijden in groepsverband vraagt extra aandacht, en om dit veilig te laten verlopen, hanteren we duidelijke regels. De documenten <strong><a href=\"http:\/\/bmvmotor.nl\/wp-content\/uploads\/2025\/01\/BMV-Eigen-Verklaring-1.jpg\" target=\"_blank\" rel=\"noreferrer noopener\">Eigen Verklaring<\/a><\/strong> en <strong><a href=\"http:\/\/bmvmotor.nl\/wp-content\/uploads\/2025\/01\/BMV-Regels-rijden-in-Groepsverband.jpg\" target=\"_blank\" rel=\"noreferrer noopener\">Regels Rijden in Groepsverband<\/a><\/strong> zijn daarbij essentieel en dienen door alle deelnemers te worden gelezen.<\/p>\n\n\n\n<p>Als introduc\u00e9 ben je van harte welkom om \u00e9\u00e9n of twee keer mee te rijden. Meld je hiervoor aan via het onderstaande formulier en kom naar het startpunt van de toertocht bij Grand Caf\u00e9  BU!TEN, Hessenweg 174, De Bilt.<\/p>\n\n\n<div class=\"wpforms-container wpforms-container-full wpforms-block wpforms-block-bd9bb9b5-930c-49b3-be01-fdf9f444cf53 wpforms-render-modern\" id=\"wpforms-389\"><form id=\"wpforms-form-389\" class=\"wpforms-validate wpforms-form wpforms-ajax-form\" data-formid=\"389\" method=\"post\" enctype=\"multipart\/form-data\" action=\"\/index.php\/wp-json\/wp\/v2\/pages\/387\" data-token=\"9d576ca5565f1955dcdf68bf901c5e7c\" data-token-time=\"1775940752\"><noscript class=\"wpforms-error-noscript\">Schakel JavaScript in je browser in om dit formulier in te vullen.<\/noscript><div id=\"wpforms-error-noscript\" style=\"display: none;\">Schakel JavaScript in je browser in om dit formulier in te vullen.<\/div><div class=\"wpforms-field-container\"><div id=\"wpforms-389-field_0-container\" class=\"wpforms-field wpforms-field-name\" data-field-id=\"0\"><fieldset><legend class=\"wpforms-field-label\">Naam <span class=\"wpforms-required-label\" aria-hidden=\"true\">*<\/span><\/legend><div class=\"wpforms-field-row wpforms-field-medium\"><div class=\"wpforms-field-row-block wpforms-first wpforms-one-half\"><input type=\"text\" id=\"wpforms-389-field_0\" class=\"wpforms-field-name-first wpforms-field-required\" name=\"wpforms[fields][0][first]\" aria-errormessage=\"wpforms-389-field_0-error\" required><label for=\"wpforms-389-field_0\" class=\"wpforms-field-sublabel after\">Voornaam<\/label><\/div><div class=\"wpforms-field-row-block wpforms-one-half\"><input type=\"text\" id=\"wpforms-389-field_0-last\" class=\"wpforms-field-name-last wpforms-field-required\" name=\"wpforms[fields][0][last]\" aria-errormessage=\"wpforms-389-field_0-last-error\" required><label for=\"wpforms-389-field_0-last\" class=\"wpforms-field-sublabel after\">Achternaam<\/label><\/div><\/div><\/fieldset><\/div><div id=\"wpforms-389-field_7-container\" class=\"wpforms-field wpforms-field-name\" data-field-id=\"7\"><label class=\"wpforms-field-label\" for=\"wpforms-389-field_7\">Roepnaam <span class=\"wpforms-required-label\" aria-hidden=\"true\">*<\/span><\/label><input type=\"text\" id=\"wpforms-389-field_7\" class=\"wpforms-field-medium wpforms-field-required\" name=\"wpforms[fields][7]\" aria-errormessage=\"wpforms-389-field_7-error\" required><\/div><div id=\"wpforms-389-field_5-container\" class=\"wpforms-field wpforms-field-text\" data-field-id=\"5\"><label class=\"wpforms-field-label\" for=\"wpforms-389-field_5\">Geboortedatum <span class=\"wpforms-required-label\" aria-hidden=\"true\">*<\/span><\/label><input type=\"text\" id=\"wpforms-389-field_5\" class=\"wpforms-field-medium wpforms-field-required\" name=\"wpforms[fields][5]\" placeholder=\"DD\/MM\/YYYY\" aria-errormessage=\"wpforms-389-field_5-error\" required><\/div><div id=\"wpforms-389-field_10-container\" class=\"wpforms-field wpforms-field-name\" data-field-id=\"10\"><fieldset><legend class=\"wpforms-field-label\">Straatnaam en huisnummer <span class=\"wpforms-required-label\" aria-hidden=\"true\">*<\/span><\/legend><div class=\"wpforms-field-row wpforms-field-medium\"><div class=\"wpforms-field-row-block wpforms-first wpforms-one-half\"><input type=\"text\" id=\"wpforms-389-field_10\" class=\"wpforms-field-name-first wpforms-field-required\" name=\"wpforms[fields][10][first]\" aria-errormessage=\"wpforms-389-field_10-error\" required><label for=\"wpforms-389-field_10\" class=\"wpforms-field-sublabel after wpforms-sublabel-hide\">Voornaam<\/label><\/div><div class=\"wpforms-field-row-block wpforms-one-half\"><input type=\"text\" id=\"wpforms-389-field_10-last\" class=\"wpforms-field-name-last wpforms-field-required\" name=\"wpforms[fields][10][last]\" aria-errormessage=\"wpforms-389-field_10-last-error\" required><label for=\"wpforms-389-field_10-last\" class=\"wpforms-field-sublabel after wpforms-sublabel-hide\">Achternaam<\/label><\/div><\/div><\/fieldset><\/div><div id=\"wpforms-389-field_11-container\" class=\"wpforms-field wpforms-field-name\" data-field-id=\"11\"><fieldset><legend class=\"wpforms-field-label\">Postcode en Woonplaats <span class=\"wpforms-required-label\" aria-hidden=\"true\">*<\/span><\/legend><div class=\"wpforms-field-row wpforms-field-medium\"><div class=\"wpforms-field-row-block wpforms-first wpforms-one-half\"><input type=\"text\" id=\"wpforms-389-field_11\" class=\"wpforms-field-name-first wpforms-field-required\" name=\"wpforms[fields][11][first]\" aria-errormessage=\"wpforms-389-field_11-error\" required><label for=\"wpforms-389-field_11\" class=\"wpforms-field-sublabel after wpforms-sublabel-hide\">Voornaam<\/label><\/div><div class=\"wpforms-field-row-block wpforms-one-half\"><input type=\"text\" id=\"wpforms-389-field_11-last\" class=\"wpforms-field-name-last wpforms-field-required\" name=\"wpforms[fields][11][last]\" aria-errormessage=\"wpforms-389-field_11-last-error\" required><label for=\"wpforms-389-field_11-last\" class=\"wpforms-field-sublabel after wpforms-sublabel-hide\">Achternaam<\/label><\/div><\/div><\/fieldset><\/div><div id=\"wpforms-389-field_12-container\" class=\"wpforms-field wpforms-field-text\" data-field-id=\"12\"><label class=\"wpforms-field-label\" for=\"wpforms-389-field_12\">Telefoon mobiel <span class=\"wpforms-required-label\" aria-hidden=\"true\">*<\/span><\/label><input type=\"text\" id=\"wpforms-389-field_12\" class=\"wpforms-field-medium wpforms-field-required\" name=\"wpforms[fields][12]\" placeholder=\"bijv: 06-12121212\" aria-errormessage=\"wpforms-389-field_12-error\" required><\/div>\t\t<div id=\"wpforms-389-field_2-container\"\n\t\t\tclass=\"wpforms-field wpforms-field-text\"\n\t\t\tdata-field-type=\"text\"\n\t\t\tdata-field-id=\"2\"\n\t\t\t>\n\t\t\t<label class=\"wpforms-field-label\" for=\"wpforms-389-field_2\" >Groepsverband van Geboortedatum<\/label>\n\t\t\t<input type=\"text\" id=\"wpforms-389-field_2\" class=\"wpforms-field-medium\" name=\"wpforms[fields][2]\" >\n\t\t<\/div>\n\t\t<div id=\"wpforms-389-field_1-container\" class=\"wpforms-field wpforms-field-email\" data-field-id=\"1\"><label class=\"wpforms-field-label\" for=\"wpforms-389-field_1\">Email <span class=\"wpforms-required-label\" aria-hidden=\"true\">*<\/span><\/label><input type=\"email\" id=\"wpforms-389-field_1\" class=\"wpforms-field-medium wpforms-field-required\" name=\"wpforms[fields][1]\" spellcheck=\"false\" aria-errormessage=\"wpforms-389-field_1-error\" required><\/div><div id=\"wpforms-389-field_21-container\" class=\"wpforms-field wpforms-field-radio\" data-field-id=\"21\"><fieldset><legend class=\"wpforms-field-label\">Ik meld mij aan als introduc\u00e9 voor deze rit:<\/legend><ul id=\"wpforms-389-field_21\"><li class=\"choice-11 depth-1\"><input type=\"radio\" id=\"wpforms-389-field_21_11\" name=\"wpforms[fields][21]\" value=\"Zegening rit (extra rit) - 19 april 2026\" aria-errormessage=\"wpforms-389-field_21_11-error\"  ><label class=\"wpforms-field-label-inline\" for=\"wpforms-389-field_21_11\">Zegening rit (extra rit) &#8211; 19 april 2026<\/label><\/li><li class=\"choice-12 depth-1\"><input type=\"radio\" id=\"wpforms-389-field_21_12\" name=\"wpforms[fields][21]\" value=\"Oranje rit - 26 april 2026\" aria-errormessage=\"wpforms-389-field_21_12-error\"  ><label class=\"wpforms-field-label-inline\" for=\"wpforms-389-field_21_12\">Oranje rit &#8211; 26 april 2026<\/label><\/li><li class=\"choice-13 depth-1\"><input type=\"radio\" id=\"wpforms-389-field_21_13\" name=\"wpforms[fields][21]\" value=\"Blauwe Maan rit - 31 mei 2026\" aria-errormessage=\"wpforms-389-field_21_13-error\"  ><label class=\"wpforms-field-label-inline\" for=\"wpforms-389-field_21_13\">Blauwe Maan rit &#8211; 31 mei 2026<\/label><\/li><li class=\"choice-14 depth-1\"><input type=\"radio\" id=\"wpforms-389-field_21_14\" name=\"wpforms[fields][21]\" value=\"Zomer rit - 5 juli 2026\" aria-errormessage=\"wpforms-389-field_21_14-error\"  ><label class=\"wpforms-field-label-inline\" for=\"wpforms-389-field_21_14\">Zomer rit &#8211; 5 juli 2026<\/label><\/li><li class=\"choice-15 depth-1\"><input type=\"radio\" id=\"wpforms-389-field_21_15\" name=\"wpforms[fields][21]\" value=\"Avond rit - 17 juli 2026\" aria-errormessage=\"wpforms-389-field_21_15-error\"  ><label class=\"wpforms-field-label-inline\" for=\"wpforms-389-field_21_15\">Avond rit &#8211; 17 juli 2026<\/label><\/li><li class=\"choice-16 depth-1\"><input type=\"radio\" id=\"wpforms-389-field_21_16\" name=\"wpforms[fields][21]\" value=\"Bier rit - 2 augustus 2026\" aria-errormessage=\"wpforms-389-field_21_16-error\"  ><label class=\"wpforms-field-label-inline\" for=\"wpforms-389-field_21_16\">Bier rit &#8211; 2 augustus 2026<\/label><\/li><li class=\"choice-17 depth-1\"><input type=\"radio\" id=\"wpforms-389-field_21_17\" name=\"wpforms[fields][21]\" value=\"Grote Biltse Motor Toertocht - 30 augustus 2026\" aria-errormessage=\"wpforms-389-field_21_17-error\"  ><label class=\"wpforms-field-label-inline\" for=\"wpforms-389-field_21_17\">Grote Biltse Motor Toertocht &#8211; 30 augustus 2026<\/label><\/li><li class=\"choice-18 depth-1\"><input type=\"radio\" id=\"wpforms-389-field_21_18\" name=\"wpforms[fields][21]\" value=\"Snert rit - 18 oktober 2026\" aria-errormessage=\"wpforms-389-field_21_18-error\"  ><label class=\"wpforms-field-label-inline\" for=\"wpforms-389-field_21_18\">Snert rit &#8211; 18 oktober 2026<\/label><\/li><\/ul><\/fieldset><\/div><div id=\"wpforms-389-field_25-container\" class=\"wpforms-field wpforms-field-radio\" data-field-id=\"25\"><fieldset><legend class=\"wpforms-field-label\">Eigen Verklaring <span class=\"wpforms-required-label\" aria-hidden=\"true\">*<\/span><\/legend><ul id=\"wpforms-389-field_25\" class=\"wpforms-field-required\"><li class=\"choice-1 depth-1\"><input type=\"radio\" id=\"wpforms-389-field_25_1\" name=\"wpforms[fields][25]\" value=\"Ik verklaar dat ik het document Eigen Verklaring heb gelezen.\" aria-errormessage=\"wpforms-389-field_25_1-error\" required ><label class=\"wpforms-field-label-inline\" for=\"wpforms-389-field_25_1\">Ik verklaar dat ik het document Eigen Verklaring heb gelezen.<\/label><\/li><\/ul><\/fieldset><\/div><div id=\"wpforms-389-field_28-container\" class=\"wpforms-field wpforms-field-radio\" data-field-id=\"28\"><fieldset><legend class=\"wpforms-field-label\">Regels Rijden in Groepsverband <span class=\"wpforms-required-label\" aria-hidden=\"true\">*<\/span><\/legend><ul id=\"wpforms-389-field_28\" class=\"wpforms-field-required\"><li class=\"choice-1 depth-1\"><input type=\"radio\" id=\"wpforms-389-field_28_1\" name=\"wpforms[fields][28]\" value=\"Ik verklaar dat ik het document Regels Rijden in Groepsverband heb gelezen.\" aria-errormessage=\"wpforms-389-field_28_1-error\" required ><label class=\"wpforms-field-label-inline\" for=\"wpforms-389-field_28_1\">Ik verklaar dat ik het document Regels Rijden in Groepsverband heb gelezen.<\/label><\/li><\/ul><\/fieldset><\/div><div id=\"wpforms-389-field_27-container\" class=\"wpforms-field wpforms-field-radio\" data-field-id=\"27\"><fieldset><legend class=\"wpforms-field-label\">Toestemming voor gebruik van foto\u2019s op social media <span class=\"wpforms-required-label\" aria-hidden=\"true\">*<\/span><\/legend><ul id=\"wpforms-389-field_27\" class=\"wpforms-field-required\"><li class=\"choice-1 depth-1\"><input type=\"radio\" id=\"wpforms-389-field_27_1\" name=\"wpforms[fields][27]\" value=\"Ik geef toestemming voor het gebruik van beeldmateriaal waar ik op sta.\" aria-errormessage=\"wpforms-389-field_27_1-error\" aria-describedby=\"wpforms-389-field_27-description\" required ><label class=\"wpforms-field-label-inline\" for=\"wpforms-389-field_27_1\">Ik geef toestemming voor het gebruik van beeldmateriaal waar ik op sta.<\/label><\/li><li class=\"choice-2 depth-1\"><input type=\"radio\" id=\"wpforms-389-field_27_2\" name=\"wpforms[fields][27]\" value=\"Ik geef geen toestemming voor het gebruik van beeldmateriaal waar ik op sta.\" aria-errormessage=\"wpforms-389-field_27_2-error\" aria-describedby=\"wpforms-389-field_27-description\" required ><label class=\"wpforms-field-label-inline\" for=\"wpforms-389-field_27_2\">Ik geef geen toestemming voor het gebruik van beeldmateriaal waar ik op sta.<\/label><\/li><\/ul><div id=\"wpforms-389-field_27-description\" class=\"wpforms-field-description\">Tijdens onze toertochten en evenementen maken wij foto\u2019s en video\u2019s voor promotionele doeleinden.  BMV gebruikt beeldmateriaal waar jij mogelijk op staat voor:\n\u2022\tsociale media kanalen (zoals Facebook, Instagram, LinkedIn)\n\u2022\tde website\n\u2022\tpromotiemateriaal van BMV. \nWij gebruiken deze beelden uitsluitend om onze activiteiten te promoten of de toertocht\/ het evenement te delen.\n<\/div><\/fieldset><\/div><div id=\"wpforms-389-field_29-container\" class=\"wpforms-field wpforms-field-radio\" data-field-id=\"29\"><fieldset><legend class=\"wpforms-field-label\">Akkoordverklaringen <span class=\"wpforms-required-label\" aria-hidden=\"true\">*<\/span><\/legend><ul id=\"wpforms-389-field_29\" class=\"wpforms-field-required\"><li class=\"choice-1 depth-1\"><input type=\"radio\" id=\"wpforms-389-field_29_1\" name=\"wpforms[fields][29]\" value=\"Privacyverklaring (AVG) Wij verwerken jouw persoonsgegevens conform de Algemene Verordening Gegevensbescherming (AVG). Meer informatie vindt je in onze privacyverklaring bij de Veelgestelde Vragen. Ik verklaar dat ik de privacyverklaring heb gelezen en hiermee akkoord ga.\" aria-errormessage=\"wpforms-389-field_29_1-error\" required ><label class=\"wpforms-field-label-inline\" for=\"wpforms-389-field_29_1\">Privacyverklaring (AVG) Wij verwerken jouw persoonsgegevens conform de Algemene Verordening Gegevensbescherming (AVG). Meer informatie vindt je in onze privacyverklaring bij de Veelgestelde Vragen. Ik verklaar dat ik de privacyverklaring heb gelezen en hiermee akkoord ga.<\/label><\/li><\/ul><\/fieldset><\/div><div id=\"wpforms-389-field_17-container\" class=\"wpforms-field wpforms-field-text\" data-field-id=\"17\"><label class=\"wpforms-field-label\" for=\"wpforms-389-field_17\">Datum <span class=\"wpforms-required-label\" aria-hidden=\"true\">*<\/span><\/label><input type=\"text\" id=\"wpforms-389-field_17\" class=\"wpforms-field-medium wpforms-field-required\" name=\"wpforms[fields][17]\" placeholder=\"bijv: 2 januari 2026\" aria-errormessage=\"wpforms-389-field_17-error\" required><\/div><script>\n\t\t\t\t( function() {\n\t\t\t\t\tconst style = document.createElement( 'style' );\n\t\t\t\t\tstyle.appendChild( document.createTextNode( '#wpforms-389-field_2-container { position: absolute !important; overflow: hidden !important; display: inline !important; height: 1px !important; width: 1px !important; z-index: -1000 !important; padding: 0 !important; } #wpforms-389-field_2-container input { visibility: hidden; } #wpforms-conversational-form-page #wpforms-389-field_2-container label { counter-increment: none; }' ) );\n\t\t\t\t\tdocument.head.appendChild( style );\n\t\t\t\t\tdocument.currentScript?.remove();\n\t\t\t\t} )();\n\t\t\t<\/script><\/div><!-- .wpforms-field-container --><div class=\"wpforms-submit-container\" ><input type=\"hidden\" name=\"wpforms[id]\" value=\"389\"><input type=\"hidden\" name=\"page_title\" value=\"\"><input type=\"hidden\" name=\"page_url\" value=\"https:\/\/www.bmvmotor.nl\/index.php\/wp-json\/wp\/v2\/pages\/387\"><input type=\"hidden\" name=\"url_referer\" value=\"\"><button type=\"submit\" name=\"wpforms[submit]\" id=\"wpforms-submit-389\" class=\"wpforms-submit\" data-alt-text=\"Verzenden\" data-submit-text=\"Verzenden\" aria-live=\"assertive\" value=\"wpforms-submit\">Verzenden<\/button><img loading=\"lazy\" decoding=\"async\" src=\"https:\/\/www.bmvmotor.nl\/wp-content\/plugins\/wpforms-lite\/assets\/images\/submit-spin.svg\" class=\"wpforms-submit-spinner\" style=\"display: none;\" width=\"26\" height=\"26\" alt=\"Aan het laden\"><\/div><\/form><\/div>  <!-- .wpforms-container -->","protected":false},"excerpt":{"rendered":"<p>Liever eerst de sfeer proeven?Je kunt vrijblijvend deelnemen aan een toertocht om de sfeer te proeven en kennis te maken met de leden. Rijden in groepsverband vraagt extra aandacht, en &hellip; <\/p>\n<p class=\"link-more\"><a href=\"https:\/\/www.bmvmotor.nl\/index.php\/introducee-bmv\/\" class=\"more-link\">Lees verder <span class=\"screen-reader-text\">&#8220;Introduc\u00e9 BMV&#8221;<\/span><\/a><\/p>\n","protected":false},"author":2,"featured_media":0,"parent":0,"menu_order":0,"comment_status":"closed","ping_status":"closed","template":"","meta":{"footnotes":""},"class_list":["post-387","page","type-page","status-publish","hentry"],"_links":{"self":[{"href":"https:\/\/www.bmvmotor.nl\/index.php\/wp-json\/wp\/v2\/pages\/387","targetHints":{"allow":["GET"]}}],"collection":[{"href":"https:\/\/www.bmvmotor.nl\/index.php\/wp-json\/wp\/v2\/pages"}],"about":[{"href":"https:\/\/www.bmvmotor.nl\/index.php\/wp-json\/wp\/v2\/types\/page"}],"author":[{"embeddable":true,"href":"https:\/\/www.bmvmotor.nl\/index.php\/wp-json\/wp\/v2\/users\/2"}],"replies":[{"embeddable":true,"href":"https:\/\/www.bmvmotor.nl\/index.php\/wp-json\/wp\/v2\/comments?post=387"}],"version-history":[{"count":12,"href":"https:\/\/www.bmvmotor.nl\/index.php\/wp-json\/wp\/v2\/pages\/387\/revisions"}],"predecessor-version":[{"id":1380,"href":"https:\/\/www.bmvmotor.nl\/index.php\/wp-json\/wp\/v2\/pages\/387\/revisions\/1380"}],"wp:attachment":[{"href":"https:\/\/www.bmvmotor.nl\/index.php\/wp-json\/wp\/v2\/media?parent=387"}],"curies":[{"name":"wp","href":"https:\/\/api.w.org\/{rel}","templated":true}]}}